{"id":85,"date":"2025-12-05T07:44:15","date_gmt":"2025-12-05T07:44:15","guid":{"rendered":"http:\/\/bracketweb.com\/agrionwp\/?page_id=85"},"modified":"2025-12-08T08:20:37","modified_gmt":"2025-12-08T08:20:37","slug":"iletisim","status":"publish","type":"page","link":"https:\/\/evrenkaya.com.tr\/ru\/iletisim\/","title":{"rendered":"\u041a\u043e\u043d\u0442\u0430\u043a\u0442\u044b"},"content":{"rendered":"<div data-elementor-type=\"wp-page\" data-elementor-id=\"85\" class=\"elementor elementor-85\" data-elementor-post-type=\"page\">\n\t\t\t\t\t\t<section class=\"elementor-section elementor-top-section elementor-element elementor-element-7a3c7ad elementor-section-full_width elementor-section-height-default elementor-section-height-default\" data-id=\"7a3c7ad\" data-element_type=\"section\" id=\"form\">\n\t\t\t\t\t\t<div class=\"elementor-container elementor-column-gap-no\">\n\t\t\t\t\t<div class=\"elementor-column elementor-col-100 elementor-top-column elementor-element elementor-element-672e0f5\" data-id=\"672e0f5\" data-element_type=\"column\">\n\t\t\t<div class=\"elementor-widget-wrap elementor-element-populated\">\n\t\t\t\t\t\t<div class=\"elementor-element elementor-element-2a16ab6 elementor-widget elementor-widget-agrion-contact-form\" data-id=\"2a16ab6\" data-element_type=\"widget\" data-widget_type=\"agrion-contact-form.default\">\n\t\t\t\t<div class=\"elementor-widget-container\">\n\t\t\t\t\t\t<!--Contact Two Start-->\r\n\t<section class=\"contact-two\">\r\n\t\t<div class=\"container\">\r\n\t\t\t\t\t\t\t<div class=\"section-title text-center\">\r\n\t\t\t\t\t<span class=\"section-title__tagline\">\u0412\u044b \u043c\u043e\u0436\u0435\u0442\u0435 \u0441\u0432\u044f\u0437\u0430\u0442\u044c\u0441\u044f \u0441 \u043d\u0430\u043c\u0438 \u043f\u043e \u0432\u043e\u043f\u0440\u043e\u0441\u0430\u043c \u043f\u043e\u0441\u0442\u0430\u0432\u043a\u0438 \u043f\u0440\u043e\u0434\u0443\u043a\u0446\u0438\u0438, \u043a\u043e\u0440\u043f\u043e\u0440\u0430\u0442\u0438\u0432\u043d\u044b\u0445 \u043f\u0440\u043e\u0434\u0430\u0436, \u043f\u0430\u0440\u0442\u043d\u0451\u0440\u0441\u0442\u0432\u0430 \u0438 \u0432\u0430\u0448\u0438\u0445 \u0437\u0430\u043f\u0440\u043e\u0441\u043e\u0432.<\/span><h2 class=\"section-title__title\">\u0421\u0412\u042f\u0416\u0418\u0422\u0415\u0421\u042c \u0421 \u041d\u0410\u041c\u0418<\/h2>\r\n\t\t\t\t\t<div class=\"section-title__icon\">\r\n\t\t\t\t\t\t<img decoding=\"async\" src=\"https:\/\/evrenkaya.com.tr\/wp-content\/uploads\/2025\/12\/2.svg\" alt=\"2\" title=\"2\" >\t\t\t\t\t<\/div>\r\n\r\n\t\t\t\t<\/div>\r\n\t\t\t\t\t\t<div class=\"contact-two__form-box\">\r\n\t\t\t\t<div class=\"wpcf7 no-js\" id=\"wpcf7-f549-o1\" lang=\"en-US\" dir=\"ltr\" data-wpcf7-id=\"549\">\n<div class=\"screen-reader-response\"><p role=\"status\" aria-live=\"polite\" aria-atomic=\"true\"><\/p> <ul><\/ul><\/div>\n<form action=\"\/ru\/wp-json\/wp\/v2\/pages\/85#wpcf7-f549-o1\" method=\"post\" class=\"wpcf7-form init\" aria-label=\"Contact form\" novalidate=\"novalidate\" data-status=\"init\" data-trp-original-action=\"\/ru\/wp-json\/wp\/v2\/pages\/85#wpcf7-f549-o1\">\n<fieldset class=\"hidden-fields-container\"><input type=\"hidden\" name=\"_wpcf7\" value=\"549\" \/><input type=\"hidden\" name=\"_wpcf7_version\" value=\"6.1.5\" \/><input type=\"hidden\" name=\"_wpcf7_locale\" value=\"en_US\" \/><input type=\"hidden\" name=\"_wpcf7_unit_tag\" value=\"wpcf7-f549-o1\" \/><input type=\"hidden\" name=\"_wpcf7_container_post\" value=\"0\" \/><input type=\"hidden\" name=\"_wpcf7_posted_data_hash\" value=\"\" \/>\n<\/fieldset>\n<div class=\"row\">\n    <div class=\"col-xl-6\">\n        <div class=\"contact-form__input-box\">\n            <span class=\"wpcf7-form-control-wrap\" data-name=\"name\"><input size=\"40\" maxlength=\"400\" class=\"wpcf7-form-control wpcf7-text wpcf7-validates-as-required\" aria-required=\"true\" aria-invalid=\"false\" placeholder=\"\u0412\u0430\u0448\u0435 \u0438\u043c\u044f\" value=\"\" type=\"text\" name=\"name\" \/><\/span>\n        <\/div>\n    <\/div>\n    <div class=\"col-xl-6\">\n        <div class=\"contact-form__input-box\">\n          <span class=\"wpcf7-form-control-wrap\" data-name=\"email\"><input size=\"40\" maxlength=\"400\" class=\"wpcf7-form-control wpcf7-email wpcf7-validates-as-required wpcf7-text wpcf7-validates-as-email\" aria-required=\"true\" aria-invalid=\"false\" placeholder=\"\u0412\u0430\u0448 \u0430\u0434\u0440\u0435\u0441 \u044d\u043b\u0435\u043a\u0442\u0440\u043e\u043d\u043d\u043e\u0439 \u043f\u043e\u0447\u0442\u044b\" value=\"\" type=\"email\" name=\"email\" \/><\/span>\n        <\/div>\n    <\/div>\n    <div class=\"col-xl-6\">\n        <div class=\"contact-form__input-box\">\n            <span class=\"wpcf7-form-control-wrap\" data-name=\"phone\"><input size=\"40\" maxlength=\"400\" class=\"wpcf7-form-control wpcf7-text wpcf7-validates-as-required\" aria-required=\"true\" aria-invalid=\"false\" placeholder=\"\u0412\u0430\u0448 \u043d\u043e\u043c\u0435\u0440 \u0442\u0435\u043b\u0435\u0444\u043e\u043d\u0430\" value=\"\" type=\"text\" name=\"phone\" \/><\/span>\n        <\/div>\n    <\/div>\n    <div class=\"col-xl-6\">\n        <div class=\"contact-form__input-box\">\n             <span class=\"wpcf7-form-control-wrap\" data-name=\"Subject\"><input size=\"40\" maxlength=\"400\" class=\"wpcf7-form-control wpcf7-text wpcf7-validates-as-required\" aria-required=\"true\" aria-invalid=\"false\" value=\"Konu\" type=\"text\" name=\"Subject\" \/><\/span> \n        <\/div>\n    <\/div>\n<\/div>\n<div class=\"row\">\n    <div class=\"col-xl-12\">\n        <div class=\"contact-form__input-box text-message-box\">\n            <span class=\"wpcf7-form-control-wrap\" data-name=\"message\"><textarea cols=\"40\" rows=\"10\" maxlength=\"2000\" class=\"wpcf7-form-control wpcf7-textarea wpcf7-validates-as-required\" aria-required=\"true\" aria-invalid=\"false\" placeholder=\"\u0412\u0430\u0448\u0435 \u0441\u043e\u043e\u0431\u0449\u0435\u043d\u0438\u0435\" name=\"message\"><\/textarea><\/span>\n        <\/div>\n        <div class=\"contact-form__btn-box\">\n            <button class=\"thm-btn contact-two__btn\">\u041e\u0442\u043f\u0440\u0430\u0432\u0438\u0442\u044c<i\n                    class=\"icon-right-arrow\"><\/i> <\/button>\n        <\/div>\n    <\/div>\n<\/div><div class=\"wpcf7-response-output\" aria-hidden=\"true\"><\/div>\n<input type=\"hidden\" name=\"trp-form-language\" value=\"ru\"\/><\/form>\n<\/div>\t\t\t<\/div>\r\n\t\t<\/div>\r\n\t<\/section>\r\n\t<!--Contact Two End-->\r\n\t\t\t\t<\/div>\n\t\t\t\t<\/div>\n\t\t\t\t\t<\/div>\n\t\t<\/div>\n\t\t\t\t\t<\/div>\n\t\t<\/section>\n\t\t\t\t<section class=\"elementor-section elementor-top-section elementor-element elementor-element-bdfa230 elementor-section-stretched elementor-section-boxed elementor-section-height-default elementor-section-height-default\" data-id=\"bdfa230\" data-element_type=\"section\" data-settings=\"{&quot;stretch_section&quot;:&quot;section-stretched&quot;}\">\n\t\t\t\t\t\t<div class=\"elementor-container elementor-column-gap-no\">\n\t\t\t\t\t<div class=\"elementor-column elementor-col-100 elementor-top-column elementor-element elementor-element-4e4a760\" data-id=\"4e4a760\" data-element_type=\"column\">\n\t\t\t<div class=\"elementor-widget-wrap elementor-element-populated\">\n\t\t\t\t\t\t<div class=\"elementor-element elementor-element-063b2ec elementor-widget elementor-widget-text-editor\" data-id=\"063b2ec\" data-element_type=\"widget\" data-widget_type=\"text-editor.default\">\n\t\t\t\t\t\t\t\t\t<p>Evrenkaya Yumurta (YA\u015eAR TAVUK\u00c7ULUK YEM VE \u0130N\u015eAAT SAN. T\u0130C. LTD. \u015eT\u0130.) \u043f\u0440\u0435\u0434\u043e\u0441\u0442\u0430\u0432\u043b\u044f\u0435\u0442 \u043f\u0440\u043e\u0444\u0435\u0441\u0441\u0438\u043e\u043d\u0430\u043b\u044c\u043d\u0443\u044e \u043f\u043e\u0434\u0434\u0435\u0440\u0436\u043a\u0443 \u043f\u0440\u043e\u0434\u0430\u0436 \u0434\u043b\u044f \u043a\u043e\u0440\u043f\u043e\u0440\u0430\u0442\u0438\u0432\u043d\u044b\u0445 \u043f\u043e\u0441\u0442\u0430\u0432\u043e\u043a, \u0440\u0435\u0441\u0442\u043e\u0440\u0430\u043d\u043e\u0432 \u0438 \u0442\u043e\u0440\u0433\u043e\u0432\u044b\u0445 \u0441\u0435\u0442\u0435\u0439.<\/p>\t\t\t\t\t\t\t\t<\/div>\n\t\t\t\t<div class=\"elementor-element elementor-element-dcb1469 elementor-widget elementor-widget-agrion-contact-info\" data-id=\"dcb1469\" data-element_type=\"widget\" data-widget_type=\"agrion-contact-info.default\">\n\t\t\t\t<div class=\"elementor-widget-container\">\n\t\t\t\t\t    <div class=\"container\">\r\n        <div class=\"contact-details\">\r\n            <div class=\"row\">\r\n                                                            <div class=\"col-xl-3 col-lg-6 col-md-6\">\r\n                            <div class=\"contact-details__single\">\r\n                                <div class=\"contact-details__icon icon-svg\">\r\n                                    <span aria-hidden=\"true\" class=\"icon-help\"><\/span>                                <\/div>\r\n                                <div class=\"contact-details__text\">\r\n                                    <p class=\"\">\u0421\u0432\u044f\u0436\u0438\u0442\u0435\u0441\u044c \u0441 \u043d\u0430\u043c\u0438<\/p>                                    <h3>\r\n                                        <a href=\"tel:+905437270303\">+90 543 727 03 03<\/a>                                    <\/h3>\r\n                                <\/div>\r\n                            <\/div>\r\n                        <\/div>\r\n                                            <div class=\"col-xl-3 col-lg-6 col-md-6\">\r\n                            <div class=\"contact-details__single\">\r\n                                <div class=\"contact-details__icon icon-svg\">\r\n                                    <span aria-hidden=\"true\" class=\"icon-mailbox\"><\/span>                                <\/div>\r\n                                <div class=\"contact-details__text\">\r\n                                    <p class=\"\">\u041d\u0430\u043f\u0438\u0448\u0438\u0442\u0435 \u043d\u0430\u043c<\/p>                                    <h3>\r\n                                        <a href=\"mailto:info@evrenkaya.com.tr\">info@evrenkaya.com.tr<\/a>                                    <\/h3>\r\n                                <\/div>\r\n                            <\/div>\r\n                        <\/div>\r\n                                            <div class=\"col-xl-3 col-lg-6 col-md-6\">\r\n                            <div class=\"contact-details__single contact-details__single-last\">\r\n                                <div class=\"contact-details__icon icon-svg\">\r\n                                    <span aria-hidden=\"true\" class=\"icon-maps-and-flags\"><\/span>                                <\/div>\r\n                                <div class=\"contact-details__text\">\r\n                                    <p class=\"\">\u041f\u043e\u0441\u0435\u0442\u0438\u0442\u0435 \u043d\u0430\u0441<\/p>                                    <h3>\r\n                                        \u0420\u0430\u0439\u043e\u043d \u0411\u0435\u044f\u0437\u0438\u0442, \u0434\u043e\u0440\u043e\u0433\u0430 \u042d\u0441\u043a\u0438 \u0421\u044e\u043b\u044e\u043c\u0435\u043d\u043b\u0438, \u041a\u044e\u043c\u0435 \u042d\u0432\u043b\u0435\u0440\u0438, \u0434\u043e\u043c 33, \u0446\u0435\u043d\u0442\u0440, \u0410\u0444\u044c\u043e\u043d\u043a\u0430\u0440\u0430\u0445\u0438\u0441\u0430\u0440, \u0422\u0443\u0440\u0446\u0438\u044f                                    <\/h3>\r\n                                <\/div>\r\n                            <\/div>\r\n                        <\/div>\r\n                                                    <div class=\"col-xl-3 col-lg-6 col-md-6\">\r\n                    <div class=\"contact-details__single\">\r\n                        <div class=\"contact-details__social\">\r\n                                                            <a class=\"icon-svg\" href=\"https:\/\/instagram.com\/\" target=\"_blank\" rel=\"noopener\">\r\n                                    <svg aria-hidden=\"true\" class=\"e-font-icon-svg e-fab-instagram\" viewbox=\"0 0 448 512\" xmlns=\"http:\/\/www.w3.org\/2000\/svg\"><path d=\"M224.1 141c-63.6 0-114.9 51.3-114.9 114.9s51.3 114.9 114.9 114.9S339 319.5 339 255.9 287.7 141 224.1 141zm0 189.6c-41.1 0-74.7-33.5-74.7-74.7s33.5-74.7 74.7-74.7 74.7 33.5 74.7 74.7-33.6 74.7-74.7 74.7zm146.4-194.3c0 14.9-12 26.8-26.8 26.8-14.9 0-26.8-12-26.8-26.8s12-26.8 26.8-26.8 26.8 12 26.8 26.8zm76.1 27.2c-1.7-35.9-9.9-67.7-36.2-93.9-26.2-26.2-58-34.4-93.9-36.2-37-2.1-147.9-2.1-184.9 0-35.8 1.7-67.6 9.9-93.9 36.1s-34.4 58-36.2 93.9c-2.1 37-2.1 147.9 0 184.9 1.7 35.9 9.9 67.7 36.2 93.9s58 34.4 93.9 36.2c37 2.1 147.9 2.1 184.9 0 35.9-1.7 67.7-9.9 93.9-36.2 26.2-26.2 34.4-58 36.2-93.9 2.1-37 2.1-147.8 0-184.8zM398.8 388c-7.8 19.6-22.9 34.7-42.6 42.6-29.5 11.7-99.5 9-132.1 9s-102.7 2.6-132.1-9c-19.6-7.8-34.7-22.9-42.6-42.6-11.7-29.5-9-99.5-9-132.1s-2.6-102.7 9-132.1c7.8-19.6 22.9-34.7 42.6-42.6 29.5-11.7 99.5-9 132.1-9s102.7-2.6 132.1 9c19.6 7.8 34.7 22.9 42.6 42.6 11.7 29.5 9 99.5 9 132.1s2.7 102.7-9 132.1z\"><\/path><\/svg>                                <\/a>\r\n                                                            <a class=\"icon-svg\" href=\"https:\/\/facebook.com\/\" target=\"_blank\" rel=\"noopener\">\r\n                                    <i aria-hidden=\"true\" class=\"fab fa-facebook-f\"><\/i>                                <\/a>\r\n                                                            <a class=\"icon-svg\" href=\"https:\/\/twittter.com\/\" target=\"_blank\" rel=\"noopener\">\r\n                                    <svg aria-hidden=\"true\" class=\"e-font-icon-svg e-fab-youtube\" viewbox=\"0 0 576 512\" xmlns=\"http:\/\/www.w3.org\/2000\/svg\"><path d=\"M549.655 124.083c-6.281-23.65-24.787-42.276-48.284-48.597C458.781 64 288 64 288 64S117.22 64 74.629 75.486c-23.497 6.322-42.003 24.947-48.284 48.597-11.412 42.867-11.412 132.305-11.412 132.305s0 89.438 11.412 132.305c6.281 23.65 24.787 41.5 48.284 47.821C117.22 448 288 448 288 448s170.78 0 213.371-11.486c23.497-6.321 42.003-24.171 48.284-47.821 11.412-42.867 11.412-132.305 11.412-132.305s0-89.438-11.412-132.305zm-317.51 213.508V175.185l142.739 81.205-142.739 81.201z\"><\/path><\/svg>                                <\/a>\r\n                                                    <\/div>\r\n                    <\/div>\r\n                <\/div>\r\n            <\/div>\r\n        <\/div>\r\n    <\/div>\r\n\t\t\t\t<\/div>\n\t\t\t\t<\/div>\n\t\t\t\t\t<\/div>\n\t\t<\/div>\n\t\t\t\t\t<\/div>\n\t\t<\/section>\n\t\t<div class=\"elementor-element elementor-element-89d494c e-flex e-con-boxed e-con e-parent\" data-id=\"89d494c\" data-element_type=\"container\">\n\t\t\t\t\t<div class=\"e-con-inner\">\n\t\t\t\t<div class=\"elementor-element elementor-element-eb3f439 elementor-widget elementor-widget-html\" data-id=\"eb3f439\" data-element_type=\"widget\" data-widget_type=\"html.default\">\n\t\t\t\t\t<iframe src=\"https:\/\/www.google.com\/maps\/embed?pb=!1m18!1m12!1m3!1d1930.1366438898622!2d30.64730809769834!3d38.731177964763894!2m3!1f0!2f0!3f0!3m2!1i1024!2i768!4f13.1!3m3!1m2!1s0x14cf1100212aaff5%3A0x9afa2137ce0d57c7!2sEvrenkaya%20%C3%87ukurk%C3%B6y%20Yumurta%20%C3%9Cretim%20Tesisleri!5e0!3m2!1str!2str!4v1765016567728!5m2!1str!2str\" width=\"600\" height=\"450\" style=\"border:0;\" allowfullscreen=\"\" loading=\"lazy\" referrerpolicy=\"no-referrer-when-downgrade\"><\/iframe>\t\t\t\t<\/div>\n\t\t\t\t\t<\/div>\n\t\t\t\t<\/div>\n\t\t\t\t<\/div>","protected":false},"excerpt":{"rendered":"<p>\u00dcr\u00fcn tedariki, kurumsal sat\u0131\u015f, i\u015f ortakl\u0131\u011f\u0131 ve talepleriniz i\u00e7in bize ula\u015fabilirsiniz. B\u0130Z\u0130MLE \u0130LET\u0130\u015e\u0130ME GE\u00c7\u0130N G\u00f6nder Evrenkaya Yumurta (YA\u015eAR TAVUK\u00c7ULUK YEM VE \u0130N\u015eAAT SAN T\u0130C. LTD. \u015eT\u0130.) kurumsal tedarik, restoran ve market zincirleri i\u00e7in profesyonel sat\u0131\u015f deste\u011fi sunar. Bize Ula\u015f\u0131n +90 543 727 03 03 Bize Yaz\u0131n info@evrenkaya.com.tr Bizi Ziyaret Edin Beyaz\u0131t Mh. Eski S\u00fcl\u00fcmenli Yolu [&hellip;]<\/p>\n","protected":false},"author":1,"featured_media":0,"parent":0,"menu_order":0,"comment_status":"closed","ping_status":"closed","template":"elementor_header_footer","meta":{"footnotes":""},"class_list":["post-85","page","type-page","status-publish","hentry"],"_links":{"self":[{"href":"https:\/\/evrenkaya.com.tr\/ru\/wp-json\/wp\/v2\/pages\/85","targetHints":{"allow":["GET"]}}],"collection":[{"href":"https:\/\/evrenkaya.com.tr\/ru\/wp-json\/wp\/v2\/pages"}],"about":[{"href":"https:\/\/evrenkaya.com.tr\/ru\/wp-json\/wp\/v2\/types\/page"}],"author":[{"embeddable":true,"href":"https:\/\/evrenkaya.com.tr\/ru\/wp-json\/wp\/v2\/users\/1"}],"replies":[{"embeddable":true,"href":"https:\/\/evrenkaya.com.tr\/ru\/wp-json\/wp\/v2\/comments?post=85"}],"version-history":[{"count":15,"href":"https:\/\/evrenkaya.com.tr\/ru\/wp-json\/wp\/v2\/pages\/85\/revisions"}],"predecessor-version":[{"id":1646,"href":"https:\/\/evrenkaya.com.tr\/ru\/wp-json\/wp\/v2\/pages\/85\/revisions\/1646"}],"wp:attachment":[{"href":"https:\/\/evrenkaya.com.tr\/ru\/wp-json\/wp\/v2\/media?parent=85"}],"curies":[{"name":"wp","href":"https:\/\/api.w.org\/{rel}","templated":true}]}}